{"id":11898,"date":"2025-03-10T11:23:02","date_gmt":"2025-03-10T11:23:02","guid":{"rendered":"https:\/\/mdisitges.com\/producto\/bolero\/"},"modified":"2025-03-10T11:23:02","modified_gmt":"2025-03-10T11:23:02","slug":"bolero","status":"publish","type":"product","link":"https:\/\/mdisitges.com\/en\/producto\/bolero\/","title":{"rendered":"Bolero"},"content":{"rendered":"<p>Bolero es un sof\u00e1 cama distinto. Tiene el toque inconfundible del dise\u00f1o de Fama, y una funcionalidad que da respuesta a todas las demandas de los usuarios de este tipo de sof\u00e1s.<br \/>\nMientras que la mayor\u00eda de sof\u00e1s cama del mercado son muy altos y con mucha profundidad de asiento, la sentada de Bolero es m\u00e1s baja y menos profunda, tan parecida a la sentada de un sof\u00e1 normal que si no te lo dicen nunca pensar\u00edas que tiene un mecanismo cama. Para convertir el sof\u00e1 en cama se emplea un sistema de apertura italiana. Composici\u00f3n del sof\u00e1: sof\u00e1 cama 3 plazas con colchon de 140x193x14cm y brazos curvos. Para otro tipo de composiciones, medidas, color de patas o telas poneros en contacto con nosotros.<\/p>\n","protected":false},"excerpt":{"rendered":"<p>Bolero es un sof\u00e1 cama distinto. Tiene el toque inconfundible del dise\u00f1o de Fama, y una funcionalidad que da respuesta a todas las demandas de los usuarios de este tipo de sof\u00e1s. Mientras que la mayor\u00eda de sof\u00e1s cama del mercado son muy altos y con mucha profundidad de asiento, la sentada de Bolero es [&hellip;]<\/p>\n","protected":false},"featured_media":11022,"template":"","meta":{"inline_featured_image":false},"product_brand":[145],"product_cat":[184,201],"product_tag":[],"class_list":{"0":"post-11898","1":"product","2":"type-product","3":"status-publish","4":"has-post-thumbnail","6":"product_brand-fama","7":"product_cat-indoor-furniture","8":"product_cat-sofas","9":"pa_tapizado-gioconda-en","10":"pa_tapizado-klimt-en","11":"pa_tapizado-meninas-en","13":"first","14":"instock","15":"featured","16":"taxable","17":"shipping-taxable","18":"purchasable","19":"product-type-variable"},"aioseo_notices":[],"_links":{"self":[{"href":"https:\/\/mdisitges.com\/en\/wp-json\/wp\/v2\/product\/11898","targetHints":{"allow":["GET"]}}],"collection":[{"href":"https:\/\/mdisitges.com\/en\/wp-json\/wp\/v2\/product"}],"about":[{"href":"https:\/\/mdisitges.com\/en\/wp-json\/wp\/v2\/types\/product"}],"wp:featuredmedia":[{"embeddable":true,"href":"https:\/\/mdisitges.com\/en\/wp-json\/wp\/v2\/media\/11022"}],"wp:attachment":[{"href":"https:\/\/mdisitges.com\/en\/wp-json\/wp\/v2\/media?parent=11898"}],"wp:term":[{"taxonomy":"product_brand","embeddable":true,"href":"https:\/\/mdisitges.com\/en\/wp-json\/wp\/v2\/product_brand?post=11898"},{"taxonomy":"product_cat","embeddable":true,"href":"https:\/\/mdisitges.com\/en\/wp-json\/wp\/v2\/product_cat?post=11898"},{"taxonomy":"product_tag","embeddable":true,"href":"https:\/\/mdisitges.com\/en\/wp-json\/wp\/v2\/product_tag?post=11898"}],"curies":[{"name":"wp","href":"https:\/\/api.w.org\/{rel}","templated":true}]}}